{"id":3547,"date":"2024-11-12T01:37:49","date_gmt":"2024-11-12T07:37:49","guid":{"rendered":"https:\/\/lincuaacademy.com\/?page_id=3547"},"modified":"2024-11-12T01:37:49","modified_gmt":"2024-11-12T07:37:49","slug":"about","status":"publish","type":"page","link":"https:\/\/lincuaacademy.com\/es\/about\/","title":{"rendered":"Sobre Nosotros"},"content":{"rendered":"<div id=\"fws_69eb010843124\"  data-column-margin=\"default\" data-midnight=\"light\"  class=\"wpb_row vc_row-fluid vc_row full-width-section vc_row-o-full-height vc_row-o-columns-middle vc_row-o-equal-height vc_row-flex standard_section  reverse_columns_row_phone right_padding_phone_0px left_padding_phone_0px\"  style=\"padding-top: 0px; padding-bottom: 0px; \"><div class=\"row-bg-wrap\" data-bg-animation=\"none\" data-bg-overlay=\"true\"><div class=\"inner-wrap using-image\"><div class=\"row-bg using-image\"  style=\"background-image: url(https:\/\/lincuaacademy.com\/wp-content\/uploads\/2021\/02\/iStock-1254704796-scaled-e1614119078146.jpg); background-position: center center; background-repeat: no-repeat; \"><\/div><\/div><div class=\"row-bg-overlay\" style=\"background: #252a61; background: linear-gradient(45deg,#252a61 0%,#3ec1b9 100%);  opacity: 0.5; \"><\/div><\/div><div class=\"row_col_wrap_12 col span_12 light center\">\n\t<div style=\" color: #ffffff;margin-top: -100px; margin-bottom: -200px; \" class=\"vc_col-sm-12 wpb_column column_container vc_column_container col centered-text force-tablet-text-align-center force-phone-text-align-center neg-marg padding-10-percent right_margin_5pct left_margin_5pct top_margin_tablet_0px top_margin_phone_-80px bottom_margin_phone_0px right_margin_tablet_0pct right_margin_phone_0px left_margin_tablet_0pct left_margin_phone_0px inherit_tablet no-extra-padding_phone\"  data-t-w-inherits=\"default\" data-bg-cover=\"\" data-padding-pos=\"all\" data-has-bg-color=\"false\" data-bg-color=\"\" data-bg-opacity=\"1\" data-hover-bg=\"\" data-hover-bg-opacity=\"1\" data-animation=\"\" data-delay=\"0\" >\n\t\t<div class=\"vc_column-inner\" ><div class=\"column-bg-overlay-wrap\" data-bg-animation=\"none\"><div class=\"column-bg-overlay\"><\/div><\/div>\n\t\t\t<div class=\"wpb_wrapper\">\n\t\t\t\t<div id=\"fws_69eb0108444cd\" data-midnight=\"\" data-column-margin=\"default\" class=\"wpb_row vc_row-fluid vc_row inner_row standard_section  lvca-dark-bg  right_padding_phone_1pct left_padding_phone_1pct\"  style=\"padding-top: 0px; padding-bottom: 0px; \"><div class=\"row-bg-wrap\"> <div class=\"row-bg\" ><\/div> <\/div><div class=\"row_col_wrap_12_inner col span_12  center\">\n\t<div style=\"margin-top: 200px; \" class=\"vc_col-sm-12 wpb_column column_container vc_column_container col child_column has-animation padding-2-percent right_margin_phone_0px left_margin_phone_0px inherit_tablet no-extra-padding_phone\"   data-t-w-inherits=\"default\" data-bg-cover=\"\" data-padding-pos=\"all\" data-has-bg-color=\"false\" data-bg-color=\"\" data-bg-opacity=\"1\" data-hover-bg=\"\" data-hover-bg-opacity=\"1\" data-animation=\"fade-in-from-bottom\" data-delay=\"100\">\n\t\t<div class=\"vc_column-inner\" ><div class=\"column-bg-overlay-wrap\" data-bg-animation=\"none\"><div class=\"column-bg-overlay\"><\/div><\/div>\n\t\t<div class=\"wpb_wrapper\">\n\t\t\t<h1 style=\"font-size: 70px;color: #ffffff;line-height: 72px;text-align: center\" class=\"vc_custom_heading wpb_animate_when_almost_visible wpb_fadeInDown fadeInDown vc_custom_1680049084218\" >Lincua, tu socio de idiomas y aprendizaje.<\/h1><h6 style=\"font-size: 22px;color: #ffffff;line-height: 28px;text-align: center\" class=\"vc_custom_heading wpb_animate_when_almost_visible wpb_fadeInDown fadeInDown vc_custom_1725904138367\" >Estamos dedicados a cerrar la brecha ling\u00fc\u00edstica y garantizar el acceso ling\u00fc\u00edstico en nuestras comunidades. Somos una empresa consultora de idiomas interesada en ayudarte a lograr tus objetivos personales, acad\u00e9micos y profesionales mediante el aprendizaje de un nuevo idioma adaptado a tus necesidades.<\/p>\n<p>Estamos orgullosos de ser un miembro de la asociaci\u00f3n de NATI que por sus cifras en ingles es Nebraska Association for Translators and Interpreters (Nebraska of Translations and Interpreters)<\/h6>\n\t\t<\/div> \n\t<\/div>\n\t<\/div> \n<\/div><\/div>\n\t\t\t<\/div> \n\t\t<\/div>\n\t<\/div> \n<\/div><\/div>\n\t\t<div id=\"about\"  data-column-margin=\"default\" data-midnight=\"dark\" data-top-percent=\"5%\" data-bottom-percent=\"5%\"  data-bg-mobile-hidden=\"true\" class=\"wpb_row vc_row-fluid vc_row full-width-section  vc_row-o-equal-height vc_row-flex  vc_row-o-content-middle standard_section  reverse_columns_row_phone top_padding_phone_6pct bottom_padding_phone_5pct\"  style=\"padding-top: calc(100vw * 0.05); padding-bottom: calc(100vw * 0.05); \"><div class=\"row-bg-wrap\" data-bg-animation=\"none\" data-bg-overlay=\"true\"><div class=\"inner-wrap using-image\"><div class=\"row-bg using-image using-bg-color\"  style=\"background-image: url(https:\/\/lincuaacademy.com\/wp-content\/uploads\/2021\/03\/pattern-lincua.jpg); background-position: left top; background-repeat: no-repeat; background-color: rgba(255,255,255,0.84); \"><\/div><\/div><div class=\"row-bg-overlay\" style=\"background: rgba(67,72,96,0.11); background: linear-gradient(90deg,rgba(67,72,96,0.11) 0%,#ffffff 100%);  opacity: 0.5; \"><\/div><\/div><div class=\"row_col_wrap_12 col span_12 dark left\">\n\t<div  class=\"vc_col-sm-12 vc_col-xs-12 wpb_column column_container vc_column_container col centered-text force-tablet-text-align-center force-phone-text-align-center no-extra-padding right_margin_20px inherit_tablet inherit_phone\"  data-t-w-inherits=\"default\" data-bg-cover=\"\" data-padding-pos=\"all\" data-has-bg-color=\"false\" data-bg-color=\"\" data-bg-opacity=\"1\" data-hover-bg=\"\" data-hover-bg-opacity=\"1\" data-animation=\"\" data-delay=\"0\" >\n\t\t<div class=\"vc_column-inner\" ><div class=\"column-bg-overlay-wrap\" data-bg-animation=\"none\"><div class=\"column-bg-overlay\"><\/div><\/div>\n\t\t\t<div class=\"wpb_wrapper\">\n\t\t\t\t\n\t\t\t<\/div> \n\t\t<\/div>\n\t<\/div> \n<\/div><\/div>","protected":false},"excerpt":{"rendered":"Lincua, your language partner.We are dedicated to bridging the language gap and ensuring language access across our communities. Our company is committed to helping all individuals succeed by developing impactful...","protected":false},"author":5,"featured_media":0,"parent":0,"menu_order":0,"comment_status":"open","ping_status":"closed","template":"","meta":{"footnotes":""},"class_list":["post-3547","page","type-page","status-publish"],"_links":{"self":[{"href":"https:\/\/lincuaacademy.com\/es\/wp-json\/wp\/v2\/pages\/3547","targetHints":{"allow":["GET"]}}],"collection":[{"href":"https:\/\/lincuaacademy.com\/es\/wp-json\/wp\/v2\/pages"}],"about":[{"href":"https:\/\/lincuaacademy.com\/es\/wp-json\/wp\/v2\/types\/page"}],"author":[{"embeddable":true,"href":"https:\/\/lincuaacademy.com\/es\/wp-json\/wp\/v2\/users\/5"}],"replies":[{"embeddable":true,"href":"https:\/\/lincuaacademy.com\/es\/wp-json\/wp\/v2\/comments?post=3547"}],"version-history":[{"count":0,"href":"https:\/\/lincuaacademy.com\/es\/wp-json\/wp\/v2\/pages\/3547\/revisions"}],"wp:attachment":[{"href":"https:\/\/lincuaacademy.com\/es\/wp-json\/wp\/v2\/media?parent=3547"}],"curies":[{"name":"wp","href":"https:\/\/api.w.org\/{rel}","templated":true}]}}