{"id":3556,"date":"2025-01-29T11:12:34","date_gmt":"2025-01-29T17:12:34","guid":{"rendered":"https:\/\/lincuaacademy.com\/?page_id=3556"},"modified":"2025-04-02T10:17:31","modified_gmt":"2025-04-02T15:17:31","slug":"register","status":"publish","type":"page","link":"https:\/\/lincuaacademy.com\/en\/register\/","title":{"rendered":"Register"},"content":{"rendered":"\n<p><\/p>\n\n\n\n<p><a href=\"https:\/\/lincuaacademy.com\/trainingprograms\/\" target=\"_blank\" rel=\"noreferrer noopener\">Click here to learn more about our training!<\/a><\/p>\n\n\n\n<p><strong>Bilingual Interpreters Preparation Program<\/strong><\/p>\n\n\n\n<p>Learn the basics of interpreting in different settings: legal, medical, and community situations&nbsp;<\/p>\n\n\n\n<p><strong>Bilingual Legal Assistants Preparation Program:<\/strong><\/p>\n\n\n\n<p>Get practical skills to help with legal paperwork, communication, and research in a law office or legal setting&nbsp;<\/p>\n\n\n\n<p><strong>Business ESL Program<\/strong><\/p>\n\n\n\n<p>Work on speaking English more clearly and confidently in professional situations<br><br><strong>Bilingual Entrepreneurial Launchpad Training:<\/strong><br>Create a business plan and learn the basics of marketing, attracting clients, and getting financial support for your business.<\/p>\n\n\n\n<p>&#8212;&#8212;&#8212;&#8212;&#8212;&#8212;&#8212;&#8212;&#8212;&#8212;&#8212;&#8212;&#8212;&#8212;&#8212;&#8212;&#8212;&#8212;&#8212;-<\/p>\n\n\n\n<p><a href=\"https:\/\/lincuaacademy.com\/trainingprograms\/\" target=\"_blank\" rel=\"noreferrer noopener\">\u00a1Haga clic aqu\u00ed para obtener m\u00e1s informaci\u00f3n sobre nuestro entrenamiento!<\/a><\/p>\n\n\n\n<p><strong>Programa de Preparaci\u00f3n de Int\u00e9rpretes Biling\u00fce<\/strong><\/p>\n\n\n\n<p>Aprende los fundamentos de interpretaci\u00f3n en diferentes ambientes: legales, m\u00e9dicos y comunitarios&nbsp;<\/p>\n\n\n\n<p><strong>Programa de Preparaci\u00f3n de Asistente&nbsp;legal<\/strong><\/p>\n\n\n\n<p>Obt\u00e9n&nbsp;habilidades pr\u00e1cticas para ayudar con papeleo legal, comunicaci\u00f3n e investigaci\u00f3n en una oficina de ley o ambiente legal<\/p>\n\n\n\n<p>&nbsp;<strong>Programa de Negocio ESL (Ingl\u00e9s como segundo Idioma)<\/strong><\/p>\n\n\n\n<p>Trabaja en hablar el Ingles confianza y claridad en situaciones profesionales&nbsp;<\/p>\n\n\n\n<p><strong>Entrenamiento de P<\/strong><strong>lataformas de Lanzamiento&nbsp;<\/strong><strong>Empresarial<\/strong><strong>Biling\u00fce&nbsp;<\/strong><\/p>\n\n\n\n<p>Crea un plan de negocio y aprende los fundamentos de marketing, atrae clientes y aprende c\u00f3mo obtener ayuda financiera para tu negocio.&nbsp;<\/p>\n\n\n<div class=\"wpforms-container wpforms-container-full wpforms-block wpforms-block-c8e85878-7542-48e8-9155-25fad06078b4 wpforms-render-modern\" id=\"wpforms-3558\"><form id=\"wpforms-form-3558\" class=\"wpforms-validate wpforms-form wpforms-ajax-form\" data-formid=\"3558\" method=\"post\" enctype=\"multipart\/form-data\" action=\"\/en\/wp-json\/wp\/v2\/pages\/3556\" data-token=\"153fefc597fe7bf78873e0579e530c4c\" data-token-time=\"1776997193\"><noscript class=\"wpforms-error-noscript\">Please enable JavaScript in your browser to complete this form.<\/noscript><div id=\"wpforms-error-noscript\" style=\"display: none;\">Please enable JavaScript in your browser to complete this form.<\/div><div class=\"wpforms-field-container\"><div id=\"wpforms-3558-field_3-container\" class=\"wpforms-field wpforms-field-name\" data-field-id=\"3\"><fieldset><legend class=\"wpforms-field-label\">First and Last Name \/Nombre y Appellido <span class=\"wpforms-required-label\" aria-hidden=\"true\">*<\/span><\/legend><div class=\"wpforms-field-row wpforms-field-medium\"><div class=\"wpforms-field-row-block wpforms-first wpforms-one-half\"><input type=\"text\" id=\"wpforms-3558-field_3\" class=\"wpforms-field-name-first wpforms-field-required\" name=\"wpforms[fields][3][first]\" aria-errormessage=\"wpforms-3558-field_3-error\" required><label for=\"wpforms-3558-field_3\" class=\"wpforms-field-sublabel after\">First<\/label><\/div><div class=\"wpforms-field-row-block wpforms-one-half\"><input type=\"text\" id=\"wpforms-3558-field_3-last\" class=\"wpforms-field-name-last wpforms-field-required\" name=\"wpforms[fields][3][last]\" aria-errormessage=\"wpforms-3558-field_3-last-error\" required><label for=\"wpforms-3558-field_3-last\" class=\"wpforms-field-sublabel after\">Last<\/label><\/div><\/div><\/fieldset><\/div><div id=\"wpforms-3558-field_8-container\" class=\"wpforms-field wpforms-field-text\" data-field-id=\"8\"><label class=\"wpforms-field-label\" for=\"wpforms-3558-field_8\">Phone Number\/ N\u00famero de tel\u00e9fono <span class=\"wpforms-required-label\" aria-hidden=\"true\">*<\/span><\/label><input type=\"text\" id=\"wpforms-3558-field_8\" class=\"wpforms-field-medium wpforms-field-required\" name=\"wpforms[fields][8]\" aria-errormessage=\"wpforms-3558-field_8-error\" required><\/div><div id=\"wpforms-3558-field_5-container\" class=\"wpforms-field wpforms-field-email\" data-field-id=\"5\"><label class=\"wpforms-field-label\" for=\"wpforms-3558-field_5\">Email\/correo electronico <\/label><input type=\"email\" id=\"wpforms-3558-field_5\" class=\"wpforms-field-medium\" name=\"wpforms[fields][5]\" spellcheck=\"false\" aria-errormessage=\"wpforms-3558-field_5-error\" ><\/div>\t\t<div id=\"wpforms-3558-field_2-container\"\n\t\t\tclass=\"wpforms-field wpforms-field-text\"\n\t\t\tdata-field-type=\"text\"\n\t\t\tdata-field-id=\"2\"\n\t\t\t>\n\t\t\t<label class=\"wpforms-field-label\" for=\"wpforms-3558-field_2\" >Phone Informaci\u00f3n? and<\/label>\n\t\t\t<input type=\"text\" id=\"wpforms-3558-field_2\" class=\"wpforms-field-medium\" name=\"wpforms[fields][2]\" >\n\t\t<\/div>\n\t\t<div id=\"wpforms-3558-field_1-container\" class=\"wpforms-field wpforms-field-radio\" data-field-id=\"1\"><fieldset><legend class=\"wpforms-field-label\">Class of Interest\/Clase de Interes <span class=\"wpforms-required-label\" aria-hidden=\"true\">*<\/span><\/legend><ul id=\"wpforms-3558-field_1\" class=\"wpforms-field-required\"><li class=\"choice-1 depth-1\"><input type=\"radio\" id=\"wpforms-3558-field_1_1\" name=\"wpforms[fields][1]\" value=\"Bilingual Interpreters Preparation Program\/Programa de Preparaci\u00f3n para Int\u00e9rpretes Biling\u00fces\" aria-errormessage=\"wpforms-3558-field_1_1-error\" required ><label class=\"wpforms-field-label-inline\" for=\"wpforms-3558-field_1_1\">Bilingual Interpreters Preparation Program\/Programa de Preparaci\u00f3n para Int\u00e9rpretes Biling\u00fces<\/label><\/li><li class=\"choice-2 depth-1\"><input type=\"radio\" id=\"wpforms-3558-field_1_2\" name=\"wpforms[fields][1]\" value=\"Bilingual Legal Assistants Preparation Program\/Programa de Preparaci\u00f3n para Asistentes Legales Biling\u00fces\" aria-errormessage=\"wpforms-3558-field_1_2-error\" required ><label class=\"wpforms-field-label-inline\" for=\"wpforms-3558-field_1_2\">Bilingual Legal Assistants Preparation Program\/Programa de Preparaci\u00f3n para Asistentes Legales Biling\u00fces<\/label><\/li><li class=\"choice-3 depth-1\"><input type=\"radio\" id=\"wpforms-3558-field_1_3\" name=\"wpforms[fields][1]\" value=\"Business ESL Program\/Programa de ESL para Negocios\" aria-errormessage=\"wpforms-3558-field_1_3-error\" required ><label class=\"wpforms-field-label-inline\" for=\"wpforms-3558-field_1_3\">Business ESL Program\/Programa de ESL para Negocios<\/label><\/li><li class=\"choice-4 depth-1\"><input type=\"radio\" id=\"wpforms-3558-field_1_4\" name=\"wpforms[fields][1]\" value=\"Bilingual Entrepreneurial Launchpad Training\/Capacitaci\u00f3n Biling\u00fce para el Lanzamiento de Emprendimientos\" aria-errormessage=\"wpforms-3558-field_1_4-error\" required ><label class=\"wpforms-field-label-inline\" for=\"wpforms-3558-field_1_4\">Bilingual Entrepreneurial Launchpad Training\/Capacitaci\u00f3n Biling\u00fce para el Lanzamiento de Emprendimientos<\/label><\/li><li class=\"choice-5 depth-1\"><input type=\"radio\" id=\"wpforms-3558-field_1_5\" name=\"wpforms[fields][1]\" value=\"American Sign Language (ASL) Immersion Training Program\/Programa de Capacitaci\u00f3n en Inmersi\u00f3n en Lengua de Se\u00f1as Americana (LSA)\" aria-errormessage=\"wpforms-3558-field_1_5-error\" required ><label class=\"wpforms-field-label-inline\" for=\"wpforms-3558-field_1_5\">American Sign Language (ASL) Immersion Training Program\/Programa de Capacitaci\u00f3n en Inmersi\u00f3n en Lengua de Se\u00f1as Americana (LSA)<\/label><\/li><\/ul><\/fieldset><\/div><div id=\"wpforms-3558-field_6-container\" class=\"wpforms-field wpforms-field-text\" data-field-id=\"6\"><label class=\"wpforms-field-label\" for=\"wpforms-3558-field_6\">Language\/Idioma <span class=\"wpforms-required-label\" aria-hidden=\"true\">*<\/span><\/label><input type=\"text\" id=\"wpforms-3558-field_6\" class=\"wpforms-field-medium wpforms-field-required\" name=\"wpforms[fields][6]\" aria-errormessage=\"wpforms-3558-field_6-error\" aria-describedby=\"wpforms-3558-field_6-description\" required><div id=\"wpforms-3558-field_6-description\" class=\"wpforms-field-description\">ei. english\/swahili\nej. ingles\/ swahili\n<\/div><\/div><div id=\"wpforms-3558-field_7-container\" class=\"wpforms-field wpforms-field-textarea\" data-field-id=\"7\"><label class=\"wpforms-field-label\" for=\"wpforms-3558-field_7\">Additional Notes\/ Otros comentarios o Informaci\u00f3n?<\/label><textarea id=\"wpforms-3558-field_7\" class=\"wpforms-field-medium\" name=\"wpforms[fields][7]\" aria-errormessage=\"wpforms-3558-field_7-error\" ><\/textarea><\/div><script>\n\t\t\t\t( function() {\n\t\t\t\t\tconst style = document.createElement( 'style' );\n\t\t\t\t\tstyle.appendChild( document.createTextNode( '#wpforms-3558-field_2-container { position: absolute !important; overflow: hidden !important; display: inline !important; height: 1px !important; width: 1px !important; z-index: -1000 !important; padding: 0 !important; } #wpforms-3558-field_2-container input { visibility: hidden; } #wpforms-conversational-form-page #wpforms-3558-field_2-container label { counter-increment: none; }' ) );\n\t\t\t\t\tdocument.head.appendChild( style );\n\t\t\t\t\tdocument.currentScript?.remove();\n\t\t\t\t} )();\n\t\t\t<\/script><\/div><!-- .wpforms-field-container --><div class=\"wpforms-submit-container\" ><input type=\"hidden\" name=\"wpforms[id]\" value=\"3558\"><input type=\"hidden\" name=\"page_title\" value=\"\"><input type=\"hidden\" name=\"page_url\" value=\"https:\/\/lincuaacademy.com\/en\/wp-json\/wp\/v2\/pages\/3556\"><input type=\"hidden\" name=\"url_referer\" value=\"\">\t\t<div id=\"cf-turnstile-wpf-1355337290\"\r\n\t\tclass=\"cf-turnstile\" \t\tdata-sitekey=\"0x4AAAAAABpFwYTQ4NGxonNT\"\r\n\t\tdata-theme=\"light\"\r\n\t\tdata-language=\"auto\"\r\n\t\tdata-size=\"normal\"\r\n\t\tdata-retry=\"auto\" data-retry-interval=\"1000\"\r\n\t\tdata-refresh-expired=\"auto\"\r\n\t\tdata-action=\"wpforms-3558\"\r\n\t\t\t\tdata-appearance=\"always\"><\/div>\r\n\t\t\t<script>document.addEventListener(\"DOMContentLoaded\", function() { setTimeout(function(){ var e=document.getElementById(\"cf-turnstile-wpf-1355337290\"); e&&!e.innerHTML.trim()&&(turnstile.remove(\"#cf-turnstile-wpf-1355337290\"), turnstile.render(\"#cf-turnstile-wpf-1355337290\", {sitekey:\"0x4AAAAAABpFwYTQ4NGxonNT\"})); }, 100); });<\/script>\r\n\t\t\t<br class=\"cf-turnstile-br cf-turnstile-br-wpf-1355337290\">\r\n\t\t\t\t<style>#cf-turnstile-wpf-1355337290 { margin-left: -15px; }<\/style>\r\n\t\t<button type=\"submit\" name=\"wpforms[submit]\" id=\"wpforms-submit-3558\" class=\"wpforms-submit\" data-alt-text=\"Sending...\" data-submit-text=\"Submit\" aria-live=\"assertive\" value=\"wpforms-submit\">Submit<\/button><img decoding=\"async\" src=\"https:\/\/lincuaacademy.com\/wp-content\/plugins\/wpforms-lite\/assets\/images\/submit-spin.svg\" class=\"wpforms-submit-spinner\" style=\"display: none;\" width=\"26\" height=\"26\" alt=\"Loading\"><\/div><\/form><\/div>  <!-- .wpforms-container -->","protected":false},"excerpt":{"rendered":"<p>Click here to learn more about our training! Bilingual Interpreters Preparation Program Learn the basics of interpreting in different settings: legal, medical, and community situations&nbsp; Bilingual Legal Assistants Preparation Program:&#8230;<\/p>\n","protected":false},"author":7,"featured_media":0,"parent":0,"menu_order":0,"comment_status":"closed","ping_status":"closed","template":"","meta":{"footnotes":""},"class_list":["post-3556","page","type-page","status-publish"],"_links":{"self":[{"href":"https:\/\/lincuaacademy.com\/en\/wp-json\/wp\/v2\/pages\/3556","targetHints":{"allow":["GET"]}}],"collection":[{"href":"https:\/\/lincuaacademy.com\/en\/wp-json\/wp\/v2\/pages"}],"about":[{"href":"https:\/\/lincuaacademy.com\/en\/wp-json\/wp\/v2\/types\/page"}],"author":[{"embeddable":true,"href":"https:\/\/lincuaacademy.com\/en\/wp-json\/wp\/v2\/users\/7"}],"replies":[{"embeddable":true,"href":"https:\/\/lincuaacademy.com\/en\/wp-json\/wp\/v2\/comments?post=3556"}],"version-history":[{"count":0,"href":"https:\/\/lincuaacademy.com\/en\/wp-json\/wp\/v2\/pages\/3556\/revisions"}],"wp:attachment":[{"href":"https:\/\/lincuaacademy.com\/en\/wp-json\/wp\/v2\/media?parent=3556"}],"curies":[{"name":"wp","href":"https:\/\/api.w.org\/{rel}","templated":true}]}}